{"id":17,"date":"2016-06-28T20:39:05","date_gmt":"2016-06-28T20:39:05","guid":{"rendered":"http:\/\/pyhsiopraxis-dreher.de\/?page_id=17"},"modified":"2016-06-28T20:39:05","modified_gmt":"2016-06-28T20:39:05","slug":"service","status":"publish","type":"page","link":"https:\/\/physiopraxis-dreher.de\/?page_id=17","title":{"rendered":"Service"},"content":{"rendered":"<h4>HAUSBESUCHE<\/h4>\n<p>Nach Vereinbarung sind auch Hausbesuche (nach Absprache) m\u00f6glich.<\/p>\n<p>&nbsp;<\/p>\n<h4>GUTSCHEINE<\/h4>\n<p>Erwerben Sie in unserer Praxis Gutscheine \u00fcber ausgesuchte Leistungen, wie z.B. &#8222;Fango-Massage&#8220; oder &#8222;Hei\u00dfluft-Massage&#8220;. Sprechen Sie uns an.<\/p>\n","protected":false},"excerpt":{"rendered":"<p>HAUSBESUCHE Nach Vereinbarung sind auch Hausbesuche (nach Absprache) m\u00f6glich. &nbsp; GUTSCHEINE Erwerben Sie in unserer Praxis Gutscheine \u00fcber ausgesuchte Leistungen, wie z.B. &#8222;Fango-Massage&#8220; oder &#8222;Hei\u00dfluft-Massage&#8220;. Sprechen Sie uns an.<\/p>\n","protected":false},"author":1,"featured_media":0,"parent":0,"menu_order":0,"comment_status":"closed","ping_status":"closed","template":"template-fullwidth.php","meta":{"footnotes":""},"class_list":["post-17","page","type-page","status-publish","hentry"],"_links":{"self":[{"href":"https:\/\/physiopraxis-dreher.de\/index.php?rest_route=\/wp\/v2\/pages\/17","targetHints":{"allow":["GET"]}}],"collection":[{"href":"https:\/\/physiopraxis-dreher.de\/index.php?rest_route=\/wp\/v2\/pages"}],"about":[{"href":"https:\/\/physiopraxis-dreher.de\/index.php?rest_route=\/wp\/v2\/types\/page"}],"author":[{"embeddable":true,"href":"https:\/\/physiopraxis-dreher.de\/index.php?rest_route=\/wp\/v2\/users\/1"}],"replies":[{"embeddable":true,"href":"https:\/\/physiopraxis-dreher.de\/index.php?rest_route=%2Fwp%2Fv2%2Fcomments&post=17"}],"version-history":[{"count":1,"href":"https:\/\/physiopraxis-dreher.de\/index.php?rest_route=\/wp\/v2\/pages\/17\/revisions"}],"predecessor-version":[{"id":19,"href":"https:\/\/physiopraxis-dreher.de\/index.php?rest_route=\/wp\/v2\/pages\/17\/revisions\/19"}],"wp:attachment":[{"href":"https:\/\/physiopraxis-dreher.de\/index.php?rest_route=%2Fwp%2Fv2%2Fmedia&parent=17"}],"curies":[{"name":"wp","href":"https:\/\/api.w.org\/{rel}","templated":true}]}}