{"id":23,"date":"2016-06-28T20:42:31","date_gmt":"2016-06-28T20:42:31","guid":{"rendered":"http:\/\/pyhsiopraxis-dreher.de\/?page_id=23"},"modified":"2016-06-30T12:25:17","modified_gmt":"2016-06-30T12:25:17","slug":"praxis","status":"publish","type":"page","link":"https:\/\/physiopraxis-dreher.de\/?page_id=23","title":{"rendered":"Praxis"},"content":{"rendered":"<h4 style=\"text-align: left;\"><strong>UNSERE PRAXIS<\/strong><\/h4>\n<p style=\"text-align: left;\">Sie finden unsere Praxis in der\u00a0<strong>Christoph-Eichenlaub Stra\u00dfe 7<\/strong> in <strong>Ettlingen-Sch\u00f6llbronn<\/strong>.<\/p>\n<p>&nbsp;<\/p>\n<h4><strong>BITTE BEACHTEN SIE:<\/strong><\/h4>\n<p>Terminvereinbarungen k\u00f6nnen nur telefonisch unter\u00a0<strong>+49 (0) 7243 28861<\/strong>\u00a0oder vor Ort in unserer Praxis getroffen werden.<br \/>\nEine Terminabstimmung per E-Mail ist nicht m\u00f6glich.<\/p>\n<p>&nbsp;<\/p>\n<h4><\/h4>\n<h4><strong>\u00d6FFNUNGSZEITEN:<\/strong><\/h4>\n\n<table id=\"tablepress-1\" class=\"tablepress tablepress-id-1\">\n<tbody>\n<tr class=\"row-1\">\n\t<td class=\"column-1\">Mo.<\/td><td class=\"column-2\">8.00 - 12.00 Uhr &amp; 14.00 - 20.00 Uhr\t<\/td>\n<\/tr>\n<tr class=\"row-2\">\n\t<td class=\"column-1\">Di.<\/td><td class=\"column-2\">geschlossen<\/td>\n<\/tr>\n<tr class=\"row-3\">\n\t<td class=\"column-1\">Mi.<\/td><td class=\"column-2\">8.00 - 12.00 Uhr &amp; 14.00 - 18.00 Uhr\t<\/td>\n<\/tr>\n<tr class=\"row-4\">\n\t<td class=\"column-1\">Do.<\/td><td class=\"column-2\">8.00 - 12.00 Uhr &amp; 14.00 - 20.00 Uhr\t<\/td>\n<\/tr>\n<tr class=\"row-5\">\n\t<td class=\"column-1\">Fr.<\/td><td class=\"column-2\">8.00 - 12.00 Uhr &amp; 14.00 - 18.00 Uhr\t<\/td>\n<\/tr>\n<tr class=\"row-6\">\n\t<td class=\"column-1\">Sa.\/So.<\/td><td class=\"column-2\">geschlossen<\/td>\n<\/tr>\n<\/tbody>\n<\/table>\n<!-- #tablepress-1 from cache -->\n<p>&nbsp;<\/p>\n<p><strong>ANFAHRT:<\/strong><\/p>\n\n<div class=\"google-maps-builder-wrap\">\n\n\t<div id=\"google-maps-builder-59\" class=\"google-maps-builder\"  data-map-id=\"59\" style=\"width:100%; height:600px\"><\/div>\n\n\t\n<\/div>\n\n<p>&nbsp;<\/p>\n<p><strong>Anfahrt mit dem Auto:<\/strong><\/p>\n<p>Es stehen <strong>eigene Parkpl\u00e4tze<\/strong> f\u00fcr Sie direkt vor der Praxis zur Verf\u00fcgung.<\/p>\n<p><strong>Anreise mit \u00f6ffentlichen Verkehrsmitteln:<\/strong><\/p>\n<p>Die Busse der KVV \/ AVG halten nur wenige Minuten zu Fu\u00df von unserer Praxis entfernt.<br \/>\nHaltestelle &#8222;Breuerstra\u00dfe \/ Schwester-Baptista-Stra\u00dfe&#8220;.<\/p>\n<p>Buslinien:<\/p>\n<div id='gallery-1' class='gallery galleryid-23 gallery-columns-6 gallery-size-thumbnail'><figure class='gallery-item'>\n\t\t\t<div class='gallery-icon landscape'>\n\t\t\t\t<img loading=\"lazy\" decoding=\"async\" width=\"60\" height=\"60\" src=\"https:\/\/physiopraxis-dreher.de\/wp-content\/uploads\/2016\/06\/Bus_101.png\" class=\"attachment-thumbnail size-thumbnail\" alt=\"\" \/>\n\t\t\t<\/div><\/figure><figure class='gallery-item'>\n\t\t\t<div class='gallery-icon landscape'>\n\t\t\t\t<img loading=\"lazy\" decoding=\"async\" width=\"60\" height=\"60\" src=\"https:\/\/physiopraxis-dreher.de\/wp-content\/uploads\/2016\/06\/Bus_102.png\" class=\"attachment-thumbnail size-thumbnail\" alt=\"\" \/>\n\t\t\t<\/div><\/figure><figure class='gallery-item'>\n\t\t\t<div class='gallery-icon landscape'>\n\t\t\t\t<img loading=\"lazy\" decoding=\"async\" width=\"60\" height=\"60\" src=\"https:\/\/physiopraxis-dreher.de\/wp-content\/uploads\/2016\/06\/Bus_103.png\" class=\"attachment-thumbnail size-thumbnail\" alt=\"\" \/>\n\t\t\t<\/div><\/figure>\n\t\t<\/div>\n\n<p>&nbsp;<\/p>\n<p>&nbsp;<\/p>\n","protected":false},"excerpt":{"rendered":"<p>UNSERE PRAXIS Sie finden unsere Praxis in der\u00a0Christoph-Eichenlaub Stra\u00dfe 7 in Ettlingen-Sch\u00f6llbronn. &nbsp; BITTE BEACHTEN SIE: Terminvereinbarungen k\u00f6nnen nur telefonisch unter\u00a0+49 (0) 7243 28861\u00a0oder vor Ort in unserer Praxis getroffen &#8230;<\/p>\n","protected":false},"author":1,"featured_media":0,"parent":0,"menu_order":0,"comment_status":"closed","ping_status":"closed","template":"template-fullwidth.php","meta":{"footnotes":""},"class_list":["post-23","page","type-page","status-publish","hentry"],"_links":{"self":[{"href":"https:\/\/physiopraxis-dreher.de\/index.php?rest_route=\/wp\/v2\/pages\/23","targetHints":{"allow":["GET"]}}],"collection":[{"href":"https:\/\/physiopraxis-dreher.de\/index.php?rest_route=\/wp\/v2\/pages"}],"about":[{"href":"https:\/\/physiopraxis-dreher.de\/index.php?rest_route=\/wp\/v2\/types\/page"}],"author":[{"embeddable":true,"href":"https:\/\/physiopraxis-dreher.de\/index.php?rest_route=\/wp\/v2\/users\/1"}],"replies":[{"embeddable":true,"href":"https:\/\/physiopraxis-dreher.de\/index.php?rest_route=%2Fwp%2Fv2%2Fcomments&post=23"}],"version-history":[{"count":8,"href":"https:\/\/physiopraxis-dreher.de\/index.php?rest_route=\/wp\/v2\/pages\/23\/revisions"}],"predecessor-version":[{"id":76,"href":"https:\/\/physiopraxis-dreher.de\/index.php?rest_route=\/wp\/v2\/pages\/23\/revisions\/76"}],"wp:attachment":[{"href":"https:\/\/physiopraxis-dreher.de\/index.php?rest_route=%2Fwp%2Fv2%2Fmedia&parent=23"}],"curies":[{"name":"wp","href":"https:\/\/api.w.org\/{rel}","templated":true}]}}