{"id":8,"date":"2016-06-28T20:32:52","date_gmt":"2016-06-28T20:32:52","guid":{"rendered":"http:\/\/pyhsiopraxis-dreher.de\/?page_id=8"},"modified":"2016-07-02T14:59:26","modified_gmt":"2016-07-02T14:59:26","slug":"startseite","status":"publish","type":"page","link":"https:\/\/physiopraxis-dreher.de\/","title":{"rendered":"Startseite"},"content":{"rendered":"<p>Ettlingen<br \/>\nSch\u00f6llbronn<br \/>\nManuelle Therapie<br \/>\nKrankengymnastik<br \/>\nPNF<br \/>\nSchlingentisch<br \/>\nExtension (Strecken)<br \/>\nMassage<br \/>\nUnterwassermassage<br \/>\nStangerb\u00e4der<br \/>\nLymphdrainage<br \/>\nFango<br \/>\nHei\u00dfluft<br \/>\nUltraschall<br \/>\nElektro-Therapie<br \/>\nKryo-Therapie (Eis)<br \/>\nLaser-Therapie<br \/>\nSchr\u00f6pf-Therapie<\/p>\n","protected":false},"excerpt":{"rendered":"<p>Ettlingen Sch\u00f6llbronn Manuelle Therapie Krankengymnastik PNF Schlingentisch Extension (Strecken) Massage Unterwassermassage Stangerb\u00e4der Lymphdrainage Fango Hei\u00dfluft Ultraschall Elektro-Therapie Kryo-Therapie (Eis) Laser-Therapie Schr\u00f6pf-Therapie<\/p>\n","protected":false},"author":1,"featured_media":0,"parent":0,"menu_order":0,"comment_status":"closed","ping_status":"closed","template":"template-frontpage.php","meta":{"footnotes":""},"class_list":["post-8","page","type-page","status-publish","hentry"],"_links":{"self":[{"href":"https:\/\/physiopraxis-dreher.de\/index.php?rest_route=\/wp\/v2\/pages\/8","targetHints":{"allow":["GET"]}}],"collection":[{"href":"https:\/\/physiopraxis-dreher.de\/index.php?rest_route=\/wp\/v2\/pages"}],"about":[{"href":"https:\/\/physiopraxis-dreher.de\/index.php?rest_route=\/wp\/v2\/types\/page"}],"author":[{"embeddable":true,"href":"https:\/\/physiopraxis-dreher.de\/index.php?rest_route=\/wp\/v2\/users\/1"}],"replies":[{"embeddable":true,"href":"https:\/\/physiopraxis-dreher.de\/index.php?rest_route=%2Fwp%2Fv2%2Fcomments&post=8"}],"version-history":[{"count":2,"href":"https:\/\/physiopraxis-dreher.de\/index.php?rest_route=\/wp\/v2\/pages\/8\/revisions"}],"predecessor-version":[{"id":80,"href":"https:\/\/physiopraxis-dreher.de\/index.php?rest_route=\/wp\/v2\/pages\/8\/revisions\/80"}],"wp:attachment":[{"href":"https:\/\/physiopraxis-dreher.de\/index.php?rest_route=%2Fwp%2Fv2%2Fmedia&parent=8"}],"curies":[{"name":"wp","href":"https:\/\/api.w.org\/{rel}","templated":true}]}}